{"id":115,"date":"2013-08-19T23:39:31","date_gmt":"2013-08-19T21:39:31","guid":{"rendered":"http:\/\/maranata-stavanger.no\/?page_id=115"},"modified":"2019-10-08T20:37:48","modified_gmt":"2019-10-08T18:37:48","slug":"hvem-er-vi","status":"publish","type":"page","link":"https:\/\/vaagshaug.com\/?page_id=115","title":{"rendered":"Hvem er vi?"},"content":{"rendered":"<p><em><strong>Hva l\u00e6rer vi?<\/strong> <\/em>Alt vi som kristne beh\u00f8ver \u00e5 vite, kan vi lese om i bibelen -Guds Ord. I bibelen er veien vist deg og meg til Faderen, gjennom sin s\u00f8nn, Jesus Kristus. Guds Ord l\u00e6rer oss at alle har syndet og mangler Guds \u00e6re (pga. fallet til Adam i edens hage. <em>1 Mosebok<\/em>). Denne syndens f\u00f8lger og konsekvenser, trengte gjennom til alle mennesker til alle tider. (Kan ogs\u00e5 derfor kalles, <em>arvesynd<\/em>). Mennesket beh\u00f8ver derfor \u00e5 bli frelst fra evig fortapelse (som er beredt for djevelen og hans demoner) borte fra Gud. Frelsen er en gave til hver som vil ta imot. Da m\u00e5 man bekjenne at man er en synder og be Herren om tilgivelse for \u00e5 ha levd sitt liv til denne dag p\u00e5 feil m\u00e5te og uten Gud i livet sitt. S\u00e5 ber\u00a0man Jesus, Guds s\u00f8nn komme inn i livet sitt i det man vender om fra sin tidligere m\u00e5te \u00e5 leve livet p\u00e5. S\u00e5 d\u00f8pes man p\u00e5 bibelsk vis, dvs. full neddykkelse i vann i Faderens og S\u00f8nnens og Den Hellige \u00c5nds navn. Da kan man leve livet med Gud og ha sin sak i orden med Ham. Det er ogs\u00e5 naturlig \u00e5 ta imot d\u00e5pen i Den Hellige \u00c5nd, hvor den kristne taler i tunger, som tegn p\u00e5 dette. (Som p\u00e5 pinsefestens dag. <em>Apostlenes gjerninger<\/em>).<\/p>\n<p>Vi l\u00e6rer videre at denne jord og himmel skal en gang bli tatt bort. En ny himmel og jord skal skapes av Herren, hvor fred og herlighet er et s\u00e6rtrekk. F\u00f8r den tid skal mye hende og eskalere her i tiden. Alle som d\u00f8r kristne, vil bli tatt opp til Guds paradis, som er en mellomtilstand f\u00f8r alt er gjennopprettet. Jesus Kristus har en avgj\u00f8rende sentral rolle som verdens frelser. Om en tid, ingen kan si sikkert n\u00e5r, skal Jesus hente sin &laquo;brud&raquo;, som er alle kristne, b\u00e5de d\u00f8de og levende til himmelen f\u00f8r tusen\u00e5rs-rike blir opprettet. Da skal Jesus Kristus styre og lede nasjonene p\u00e5 jorden fra Jerusalem. Da l\u00e6rer bibelen oss videre at djevelen bindes for tusen \u00e5r. Som du leser, ser du at det er veldig lenge til denne jorden og himmelen blir tatt bort, men det er ikke lenge til Jesus, kommer igjen. Guds Ord l\u00e6rer oss alts\u00e5 at, f\u00f8rst var Guds s\u00f8nn, Jesus Kristus her, for \u00e5 frelse alle som vil omvende seg. Han kom f\u00f8rst legemlig til jorden for over 2000 \u00e5r siden. Han ble deretter tatt opp til Himmelen og sitter ved Gud Faders h\u00f8yre h\u00e5nd. S\u00e5 skal Han komme i &laquo;skyen&raquo; som det st\u00e5r og hente alle troende. Etter sju \u00e5rs trengselstid her p\u00e5 jorden, skal Han komme igjen og &laquo;sette sine f\u00f8tter p\u00e5 oljeberget&raquo; i Israel og regjerer alts\u00e5 derfra i 1000 \u00e5r. Deretter kuliminerer alt, kort fortalt. Det vil si slik alt er, himmel og jord forsvinner. Gud skaper en ny jord hvor fred og rettferdighet bor. Alt det vonde er da borte vekk for bestandig. Alt er da nytt! Men apostelen Paulus, sier ogs\u00e5 at alt er nytt for den som tror! S\u00e5 du kan begynne den nye reisen allerede her og n\u00e5!<\/p>\n<p>Skrevet av Helge H.<\/p>\n<p><img decoding=\"async\" alt=\"\" src=\"https:\/\/wno162172.web23.talkactive.net\/activebuilderfiles\/maranata-stavanger.org\/1284978461.gif\" \/><\/p>\n","protected":false},"excerpt":{"rendered":"<p>Hva l\u00e6rer vi? Alt vi som kristne beh\u00f8ver \u00e5 vite, kan vi lese om i bibelen -Guds Ord. I bibelen er veien vist deg og meg til Faderen, gjennom sin s\u00f8nn, Jesus Kristus. Guds Ord l\u00e6rer oss at alle har syndet og mangler Guds \u00e6re (pga. fallet til Adam i edens hage. 1 Mosebok). Denne&hellip;<\/p>\n<p class=\"more-link-p\"><a class=\"more-link\" href=\"https:\/\/vaagshaug.com\/?page_id=115\">Read more &rarr;<\/a><\/p>\n","protected":false},"author":1,"featured_media":0,"parent":0,"menu_order":0,"comment_status":"closed","ping_status":"closed","template":"","meta":{"footnotes":""},"class_list":["post-115","page","type-page","status-publish","hentry"],"_links":{"self":[{"href":"https:\/\/vaagshaug.com\/index.php?rest_route=\/wp\/v2\/pages\/115"}],"collection":[{"href":"https:\/\/vaagshaug.com\/index.php?rest_route=\/wp\/v2\/pages"}],"about":[{"href":"https:\/\/vaagshaug.com\/index.php?rest_route=\/wp\/v2\/types\/page"}],"author":[{"embeddable":true,"href":"https:\/\/vaagshaug.com\/index.php?rest_route=\/wp\/v2\/users\/1"}],"replies":[{"embeddable":true,"href":"https:\/\/vaagshaug.com\/index.php?rest_route=%2Fwp%2Fv2%2Fcomments&post=115"}],"version-history":[{"count":3,"href":"https:\/\/vaagshaug.com\/index.php?rest_route=\/wp\/v2\/pages\/115\/revisions"}],"predecessor-version":[{"id":3574,"href":"https:\/\/vaagshaug.com\/index.php?rest_route=\/wp\/v2\/pages\/115\/revisions\/3574"}],"wp:attachment":[{"href":"https:\/\/vaagshaug.com\/index.php?rest_route=%2Fwp%2Fv2%2Fmedia&parent=115"}],"curies":[{"name":"wp","href":"https:\/\/api.w.org\/{rel}","templated":true}]}}