{"id":3160,"date":"2017-08-31T19:31:30","date_gmt":"2017-08-31T17:31:30","guid":{"rendered":"http:\/\/hapetsrost.no\/?page_id=3160"},"modified":"2024-01-02T18:01:03","modified_gmt":"2024-01-02T17:01:03","slug":"video","status":"publish","type":"page","link":"https:\/\/vaagshaug.com\/?page_id=3160","title":{"rendered":"Video"},"content":{"rendered":"<hr>\n<p>&nbsp;<\/p>\n<h2>Bibelen forteller meg<\/h2>\n<p>&nbsp;<\/p>\n<iframe loading=\"lazy\"  id=\"_ytid_80343\"  width=\"752\" height=\"423\"  data-origwidth=\"752\" data-origheight=\"423\" src=\"https:\/\/www.youtube.com\/embed\/pR4cLi6hz2M?enablejsapi=1&autoplay=0&cc_load_policy=0&cc_lang_pref=&iv_load_policy=1&loop=0&rel=1&fs=1&playsinline=0&autohide=2&theme=dark&color=red&controls=1&disablekb=0&\" class=\"__youtube_prefs__  no-lazyload\" title=\"YouTube player\"  allow=\"fullscreen; accelerometer; autoplay; clipboard-write; encrypted-media; gyroscope; picture-in-picture; web-share\" referrerpolicy=\"strict-origin-when-cross-origin\" allowfullscreen data-no-lazy=\"1\" data-skipgform_ajax_framebjll=\"\"><\/iframe>\n<p>&nbsp;<\/p>\n<hr>\n<p>&nbsp;<\/p>\n<p>&nbsp;<\/p>\n<h2>J\u00f8rn Strand &#8211; Jeg var en h\u00e5pl\u00f8s narkoman<\/h2>\n<p>&nbsp;<\/p>\n<iframe loading=\"lazy\"  id=\"_ytid_46984\"  width=\"752\" height=\"423\"  data-origwidth=\"752\" data-origheight=\"423\" src=\"https:\/\/www.youtube.com\/embed\/bL4lMvt92uU?enablejsapi=1&autoplay=0&cc_load_policy=0&cc_lang_pref=&iv_load_policy=1&loop=0&rel=1&fs=1&playsinline=0&autohide=2&theme=dark&color=red&controls=1&disablekb=0&\" class=\"__youtube_prefs__  no-lazyload\" title=\"YouTube player\"  allow=\"fullscreen; accelerometer; autoplay; clipboard-write; encrypted-media; gyroscope; picture-in-picture; web-share\" referrerpolicy=\"strict-origin-when-cross-origin\" allowfullscreen data-no-lazy=\"1\" data-skipgform_ajax_framebjll=\"\"><\/iframe>\n<p>&nbsp;<\/p>\n<hr>\n<iframe loading=\"lazy\"  id=\"_ytid_56744\"  width=\"752\" height=\"423\"  data-origwidth=\"752\" data-origheight=\"423\" src=\"https:\/\/www.youtube.com\/embed\/NZ9xOPJ_p24?enablejsapi=1&autoplay=0&cc_load_policy=0&cc_lang_pref=&iv_load_policy=1&loop=0&rel=1&fs=1&playsinline=0&autohide=2&theme=dark&color=red&controls=1&disablekb=0&\" class=\"__youtube_prefs__  no-lazyload\" title=\"YouTube player\"  allow=\"fullscreen; accelerometer; autoplay; clipboard-write; encrypted-media; gyroscope; picture-in-picture; web-share\" referrerpolicy=\"strict-origin-when-cross-origin\" allowfullscreen data-no-lazy=\"1\" data-skipgform_ajax_framebjll=\"\"><\/iframe>\n<p>&nbsp;<\/p>\n<hr>\n<h2><\/h2>\n<iframe loading=\"lazy\"  id=\"_ytid_48497\"  width=\"752\" height=\"423\"  data-origwidth=\"752\" data-origheight=\"423\" src=\"https:\/\/www.youtube.com\/embed\/oGOVyQ7iPbw?enablejsapi=1&autoplay=0&cc_load_policy=0&cc_lang_pref=&iv_load_policy=1&loop=0&rel=1&fs=1&playsinline=0&autohide=2&theme=dark&color=red&controls=1&disablekb=0&\" class=\"__youtube_prefs__  no-lazyload\" title=\"YouTube player\"  allow=\"fullscreen; accelerometer; autoplay; clipboard-write; encrypted-media; gyroscope; picture-in-picture; web-share\" referrerpolicy=\"strict-origin-when-cross-origin\" allowfullscreen data-no-lazy=\"1\" data-skipgform_ajax_framebjll=\"\"><\/iframe>\n<p>&nbsp;<\/p>\n<p>&nbsp;<\/p>\n<hr>\n<h2><\/h2>\n<iframe loading=\"lazy\"  id=\"_ytid_29124\"  width=\"752\" height=\"423\"  data-origwidth=\"752\" data-origheight=\"423\" src=\"https:\/\/www.youtube.com\/embed\/ONZxxBecWcU?enablejsapi=1&autoplay=0&cc_load_policy=0&cc_lang_pref=&iv_load_policy=1&loop=0&rel=1&fs=1&playsinline=0&autohide=2&theme=dark&color=red&controls=1&disablekb=0&\" class=\"__youtube_prefs__  no-lazyload\" title=\"YouTube player\"  allow=\"fullscreen; accelerometer; autoplay; clipboard-write; encrypted-media; gyroscope; picture-in-picture; web-share\" referrerpolicy=\"strict-origin-when-cross-origin\" allowfullscreen data-no-lazy=\"1\" data-skipgform_ajax_framebjll=\"\"><\/iframe>\n<p>&nbsp;<\/p>\n<p>&nbsp;<\/p>\n<hr>\n<h2><\/h2>\n<iframe loading=\"lazy\"  id=\"_ytid_16174\"  width=\"752\" height=\"423\"  data-origwidth=\"752\" data-origheight=\"423\" src=\"https:\/\/www.youtube.com\/embed\/Qk350fwK9io?enablejsapi=1&autoplay=0&cc_load_policy=0&cc_lang_pref=&iv_load_policy=1&loop=0&rel=1&fs=1&playsinline=0&autohide=2&theme=dark&color=red&controls=1&disablekb=0&\" class=\"__youtube_prefs__  no-lazyload\" title=\"YouTube player\"  allow=\"fullscreen; accelerometer; autoplay; clipboard-write; encrypted-media; gyroscope; picture-in-picture; web-share\" referrerpolicy=\"strict-origin-when-cross-origin\" allowfullscreen data-no-lazy=\"1\" data-skipgform_ajax_framebjll=\"\"><\/iframe>\n<p>&nbsp;<\/p>\n<hr>\n<iframe loading=\"lazy\"  id=\"_ytid_61391\"  width=\"752\" height=\"423\"  data-origwidth=\"752\" data-origheight=\"423\" src=\"https:\/\/www.youtube.com\/embed\/7RmuTSeJJVs?enablejsapi=1&autoplay=0&cc_load_policy=0&cc_lang_pref=&iv_load_policy=1&loop=0&rel=1&fs=1&playsinline=0&autohide=2&theme=dark&color=red&controls=1&disablekb=0&\" class=\"__youtube_prefs__  no-lazyload\" title=\"YouTube player\"  allow=\"fullscreen; accelerometer; autoplay; clipboard-write; encrypted-media; gyroscope; picture-in-picture; web-share\" referrerpolicy=\"strict-origin-when-cross-origin\" allowfullscreen data-no-lazy=\"1\" data-skipgform_ajax_framebjll=\"\"><\/iframe>\n<p>&nbsp;<\/p>\n<p>&nbsp;<\/p>\n<hr>\n<h2><\/h2>\n<iframe loading=\"lazy\"  id=\"_ytid_85609\"  width=\"752\" height=\"423\"  data-origwidth=\"752\" data-origheight=\"423\" src=\"https:\/\/www.youtube.com\/embed\/TLPCVgcKf4M?enablejsapi=1&autoplay=0&cc_load_policy=0&cc_lang_pref=&iv_load_policy=1&loop=0&rel=1&fs=1&playsinline=0&autohide=2&theme=dark&color=red&controls=1&disablekb=0&\" class=\"__youtube_prefs__  no-lazyload\" title=\"YouTube player\"  allow=\"fullscreen; accelerometer; autoplay; clipboard-write; encrypted-media; gyroscope; picture-in-picture; web-share\" referrerpolicy=\"strict-origin-when-cross-origin\" allowfullscreen data-no-lazy=\"1\" data-skipgform_ajax_framebjll=\"\"><\/iframe>\n<p>&nbsp;<\/p>\n<p>&nbsp;<\/p>\n<hr>\n<h2><\/h2>\n<iframe loading=\"lazy\"  id=\"_ytid_87843\"  width=\"752\" height=\"423\"  data-origwidth=\"752\" data-origheight=\"423\" src=\"https:\/\/www.youtube.com\/embed\/T9Zk8rxwv3M?enablejsapi=1&autoplay=0&cc_load_policy=0&cc_lang_pref=&iv_load_policy=1&loop=0&rel=1&fs=1&playsinline=0&autohide=2&theme=dark&color=red&controls=1&disablekb=0&\" class=\"__youtube_prefs__  no-lazyload\" title=\"YouTube player\"  allow=\"fullscreen; accelerometer; autoplay; clipboard-write; encrypted-media; gyroscope; picture-in-picture; web-share\" referrerpolicy=\"strict-origin-when-cross-origin\" allowfullscreen data-no-lazy=\"1\" data-skipgform_ajax_framebjll=\"\"><\/iframe>\n<p>&nbsp;<\/p>\n<p>&nbsp;<\/p>\n<hr>\n<h2><\/h2>\n<iframe loading=\"lazy\"  id=\"_ytid_84495\"  width=\"752\" height=\"423\"  data-origwidth=\"752\" data-origheight=\"423\" src=\"https:\/\/www.youtube.com\/embed\/7wfvZ3mVZMg?enablejsapi=1&autoplay=0&cc_load_policy=0&cc_lang_pref=&iv_load_policy=1&loop=0&rel=1&fs=1&playsinline=0&autohide=2&theme=dark&color=red&controls=1&disablekb=0&\" class=\"__youtube_prefs__  no-lazyload\" title=\"YouTube player\"  allow=\"fullscreen; accelerometer; autoplay; clipboard-write; encrypted-media; gyroscope; picture-in-picture; web-share\" referrerpolicy=\"strict-origin-when-cross-origin\" allowfullscreen data-no-lazy=\"1\" data-skipgform_ajax_framebjll=\"\"><\/iframe>\n<p>&nbsp;<\/p>\n<p>&nbsp;<\/p>\n<hr>\n<h2><\/h2>\n<iframe loading=\"lazy\"  id=\"_ytid_85961\"  width=\"752\" height=\"423\"  data-origwidth=\"752\" data-origheight=\"423\" src=\"https:\/\/www.youtube.com\/embed\/5TR2IZ_iiKk?enablejsapi=1&autoplay=0&cc_load_policy=0&cc_lang_pref=&iv_load_policy=1&loop=0&rel=1&fs=1&playsinline=0&autohide=2&theme=dark&color=red&controls=1&disablekb=0&\" class=\"__youtube_prefs__  no-lazyload\" title=\"YouTube player\"  allow=\"fullscreen; accelerometer; autoplay; clipboard-write; encrypted-media; gyroscope; picture-in-picture; web-share\" referrerpolicy=\"strict-origin-when-cross-origin\" allowfullscreen data-no-lazy=\"1\" data-skipgform_ajax_framebjll=\"\"><\/iframe>\n","protected":false},"excerpt":{"rendered":"<p>&nbsp; Bibelen forteller meg &nbsp; &nbsp; &nbsp; &nbsp; J\u00f8rn Strand &#8211; Jeg var en h\u00e5pl\u00f8s narkoman &nbsp; &nbsp; &nbsp; &nbsp; &nbsp; &nbsp; &nbsp; &nbsp; &nbsp; &nbsp; &nbsp; &nbsp; &nbsp; &nbsp; &nbsp; &nbsp;<\/p>\n<p class=\"more-link-p\"><a class=\"more-link\" href=\"https:\/\/vaagshaug.com\/?page_id=3160\">Read more &rarr;<\/a><\/p>\n","protected":false},"author":1,"featured_media":0,"parent":0,"menu_order":0,"comment_status":"closed","ping_status":"closed","template":"","meta":{"footnotes":""},"class_list":["post-3160","page","type-page","status-publish","hentry"],"_links":{"self":[{"href":"https:\/\/vaagshaug.com\/index.php?rest_route=\/wp\/v2\/pages\/3160"}],"collection":[{"href":"https:\/\/vaagshaug.com\/index.php?rest_route=\/wp\/v2\/pages"}],"about":[{"href":"https:\/\/vaagshaug.com\/index.php?rest_route=\/wp\/v2\/types\/page"}],"author":[{"embeddable":true,"href":"https:\/\/vaagshaug.com\/index.php?rest_route=\/wp\/v2\/users\/1"}],"replies":[{"embeddable":true,"href":"https:\/\/vaagshaug.com\/index.php?rest_route=%2Fwp%2Fv2%2Fcomments&post=3160"}],"version-history":[{"count":10,"href":"https:\/\/vaagshaug.com\/index.php?rest_route=\/wp\/v2\/pages\/3160\/revisions"}],"predecessor-version":[{"id":3796,"href":"https:\/\/vaagshaug.com\/index.php?rest_route=\/wp\/v2\/pages\/3160\/revisions\/3796"}],"wp:attachment":[{"href":"https:\/\/vaagshaug.com\/index.php?rest_route=%2Fwp%2Fv2%2Fmedia&parent=3160"}],"curies":[{"name":"wp","href":"https:\/\/api.w.org\/{rel}","templated":true}]}}