{"id":3335,"date":"2018-01-01T20:06:48","date_gmt":"2018-01-01T19:06:48","guid":{"rendered":"http:\/\/hapetsrost.no\/?page_id=3335"},"modified":"2024-01-02T17:52:47","modified_gmt":"2024-01-02T16:52:47","slug":"salg-av-boker-dikt","status":"publish","type":"page","link":"https:\/\/vaagshaug.com\/?page_id=3335","title":{"rendered":"Salg av b\u00f8ker\/dikt"},"content":{"rendered":"<p>Disse b\u00f8kene er for salg.<br \/>\nKan bestilles hos Anne Grethe V\u00e5gshaug tlf. 90765462 eller p\u00e5 mail<a href=\"mailto:annegrethe@vaagshaug.com\"><center>annegrethe@vaagshaug.com<\/center><\/a><\/p>\n<p><a href=\"http:\/\/hapetsrost.no\/?attachment_id=3309\" rel=\"attachment wp-att-3309\"><img loading=\"lazy\" decoding=\"async\" class=\"alignleft size-medium wp-image-3309\" src=\"http:\/\/hapetsrost.no\/wp-content\/uploads\/2017\/12\/IMG_0006-252x360.jpg\" alt=\"\" width=\"252\" height=\"360\" srcset=\"https:\/\/vaagshaug.com\/wp-content\/uploads\/2017\/12\/IMG_0006-252x360.jpg 252w, https:\/\/vaagshaug.com\/wp-content\/uploads\/2017\/12\/IMG_0006-126x180.jpg 126w, https:\/\/vaagshaug.com\/wp-content\/uploads\/2017\/12\/IMG_0006-768x1099.jpg 768w, https:\/\/vaagshaug.com\/wp-content\/uploads\/2017\/12\/IMG_0006-716x1024.jpg 716w, https:\/\/vaagshaug.com\/wp-content\/uploads\/2017\/12\/IMG_0006-540x773.jpg 540w, https:\/\/vaagshaug.com\/wp-content\/uploads\/2017\/12\/IMG_0006-260x372.jpg 260w, https:\/\/vaagshaug.com\/wp-content\/uploads\/2017\/12\/IMG_0006-160x229.jpg 160w, https:\/\/vaagshaug.com\/wp-content\/uploads\/2017\/12\/IMG_0006.jpg 1125w\" sizes=\"(max-width: 252px) 100vw, 252px\" \/><\/a><\/p>\n<p><strong>Endelig hjemme<\/strong><br \/>\nen diktsamling skrevet av Kristian Steen Hansen.<br \/>\nDer jeg beskriver min livsreise som har best\u00e5tt av<br \/>\nknall og fall, nederlag og seier, b\u00f8lger og daler.<br \/>\nGjort ting jeg skammer meg over og ting jeg er fryktelig stolt over.<br \/>\nGrunning og grubling s\u00e5 det holder, men n\u00e5 har jeg<br \/>\nendelig f\u00e5tt brikkene p\u00e5 plass&#8230;..<br \/>\nH\u00e5per budskapet kan v\u00e6re med p\u00e5 \u00e5 oppmuntre<br \/>\nog bringe deg videre p\u00e5 din reise p\u00e5 veien hjem.<br \/>\nGod lesning.<\/p>\n<p>Med vennlig hilsen<br \/>\nKristian Steen Hansen<\/p>\n<p>&nbsp;<\/p>\n<p><center>Kr 150.- + porto\u00a0<\/center>&nbsp;<\/p>\n<hr \/>\n<p><a href=\"http:\/\/hapetsrost.no\/?attachment_id=3307\" rel=\"attachment wp-att-3307\"><img loading=\"lazy\" decoding=\"async\" class=\"alignleft size-medium wp-image-3307\" src=\"http:\/\/hapetsrost.no\/wp-content\/uploads\/2017\/12\/IMG_0004-354x360.jpg\" alt=\"\" width=\"354\" height=\"360\" srcset=\"https:\/\/vaagshaug.com\/wp-content\/uploads\/2017\/12\/IMG_0004-354x360.jpg 354w, https:\/\/vaagshaug.com\/wp-content\/uploads\/2017\/12\/IMG_0004-177x180.jpg 177w, https:\/\/vaagshaug.com\/wp-content\/uploads\/2017\/12\/IMG_0004-768x781.jpg 768w, https:\/\/vaagshaug.com\/wp-content\/uploads\/2017\/12\/IMG_0004-540x549.jpg 540w, https:\/\/vaagshaug.com\/wp-content\/uploads\/2017\/12\/IMG_0004-260x264.jpg 260w, https:\/\/vaagshaug.com\/wp-content\/uploads\/2017\/12\/IMG_0004-160x163.jpg 160w, https:\/\/vaagshaug.com\/wp-content\/uploads\/2017\/12\/IMG_0004.jpg 954w\" sizes=\"(max-width: 354px) 100vw, 354px\" \/><\/a><\/p>\n<p><strong>Dikt med melodi ( CD ) :<\/strong><br \/>\nEN NY SKAPNING!<\/p>\n<p>Det finnes et h\u00e5p, det finnes en vei<br \/>\nDet finnes en l\u00f8sning for akkurat DEG!<br \/>\nHar selv f\u00e5tt m\u00f8tt Han, Jesus Han lever<br \/>\nHan vil bringe frihet til deg som strever<br \/>\nH\u00f8r disse orda, \u00e5pne ditt hjerte<br \/>\nLa Han gi deg legedom for all din smerte<br \/>\nLa Han bytte ut din indre krig med ro<br \/>\nSmak, kjenn ogs\u00e5 du at Han er bare god<\/p>\n<p>&nbsp;<\/p>\n<p><center>Kr 100.- + porto\u00a0<\/center>&nbsp;<br \/>\n&nbsp;<br \/>\n&nbsp;<br \/>\n&nbsp;<\/p>\n<hr \/>\n<p><a href=\"http:\/\/hapetsrost.no\/?attachment_id=3308\" rel=\"attachment wp-att-3308\"><img loading=\"lazy\" decoding=\"async\" class=\"alignleft size-medium wp-image-3308\" src=\"http:\/\/hapetsrost.no\/wp-content\/uploads\/2017\/12\/IMG_0005-360x360.jpg\" alt=\"\" width=\"360\" height=\"360\" srcset=\"https:\/\/vaagshaug.com\/wp-content\/uploads\/2017\/12\/IMG_0005-360x360.jpg 360w, https:\/\/vaagshaug.com\/wp-content\/uploads\/2017\/12\/IMG_0005-180x180.jpg 180w, https:\/\/vaagshaug.com\/wp-content\/uploads\/2017\/12\/IMG_0005-768x767.jpg 768w, https:\/\/vaagshaug.com\/wp-content\/uploads\/2017\/12\/IMG_0005-540x539.jpg 540w, https:\/\/vaagshaug.com\/wp-content\/uploads\/2017\/12\/IMG_0005-260x260.jpg 260w, https:\/\/vaagshaug.com\/wp-content\/uploads\/2017\/12\/IMG_0005-160x160.jpg 160w, https:\/\/vaagshaug.com\/wp-content\/uploads\/2017\/12\/IMG_0005.jpg 992w\" sizes=\"(max-width: 360px) 100vw, 360px\" \/><\/a><br \/>\n<strong>Dikt med melodi ( CD )<\/strong><br \/>\nDET FINNES EN SOM KAN HJELPE!<\/p>\n<p>1 Det er fortsatt h\u00e5p<br \/>\n2 Du er velkommen<br \/>\n3 Fred<br \/>\n4 Kom som de er<br \/>\n5 Din aller beste venn<br \/>\n6 Allting vondt<br \/>\n7 I dag, akkurat n\u00e5<\/p>\n<p>&nbsp;<br \/>\n&nbsp;<br \/>\n&nbsp;<br \/>\n<center>Kr 100.- + porto\u00a0<\/center>&nbsp;<\/p>\n<hr \/>\n<p><a href=\"http:\/\/hapetsrost.no\/?attachment_id=3247\" rel=\"attachment wp-att-3247\"><img loading=\"lazy\" decoding=\"async\" class=\"alignleft size-medium wp-image-3247\" src=\"http:\/\/hapetsrost.no\/wp-content\/uploads\/2017\/09\/IMG_0001-5-254x360.jpg\" alt=\"\" width=\"254\" height=\"360\" srcset=\"https:\/\/vaagshaug.com\/wp-content\/uploads\/2017\/09\/IMG_0001-5-254x360.jpg 254w, https:\/\/vaagshaug.com\/wp-content\/uploads\/2017\/09\/IMG_0001-5-127x180.jpg 127w, https:\/\/vaagshaug.com\/wp-content\/uploads\/2017\/09\/IMG_0001-5-768x1089.jpg 768w, https:\/\/vaagshaug.com\/wp-content\/uploads\/2017\/09\/IMG_0001-5-722x1024.jpg 722w, https:\/\/vaagshaug.com\/wp-content\/uploads\/2017\/09\/IMG_0001-5-540x766.jpg 540w, https:\/\/vaagshaug.com\/wp-content\/uploads\/2017\/09\/IMG_0001-5-260x369.jpg 260w, https:\/\/vaagshaug.com\/wp-content\/uploads\/2017\/09\/IMG_0001-5-160x227.jpg 160w, https:\/\/vaagshaug.com\/wp-content\/uploads\/2017\/09\/IMG_0001-5.jpg 1190w\" sizes=\"(max-width: 254px) 100vw, 254px\" \/><\/a><\/p>\n<p><strong>Englevakt og skapermakt<br \/>\nav Torstein Alvar<\/strong><\/p>\n<p>&#8216; Til minne om Olav Alvar.<br \/>\nMin kj\u00e6re far, som omkom blant venner p\u00e5skeaften,<br \/>\nv\u00e5ren 1985, n\u00e6r 48 \u00e5r gammel i Stettin,Polen.<br \/>\nDer han var med hjelpesending.&#8217;<\/p>\n<p>I takknemlighet til Gud og mine foreldre.<\/p>\n<p>Takk for livet!<\/p>\n<p>&nbsp;<\/p>\n<p><center>Kr 150.- + porto\u00a0<\/center>&nbsp;<br \/>\n&nbsp;<br \/>\n&nbsp;<br \/>\n&nbsp;<\/p>\n<hr \/>\n","protected":false},"excerpt":{"rendered":"<p>Disse b\u00f8kene er for salg. Kan bestilles hos Anne Grethe V\u00e5gshaug tlf. 90765462 eller p\u00e5 mailannegrethe@vaagshaug.com Endelig hjemme en diktsamling skrevet av Kristian Steen Hansen. Der jeg beskriver min livsreise som har best\u00e5tt av knall og fall, nederlag og seier, b\u00f8lger og daler. Gjort ting jeg skammer meg over og ting jeg er fryktelig stolt&hellip;<\/p>\n<p class=\"more-link-p\"><a class=\"more-link\" href=\"https:\/\/vaagshaug.com\/?page_id=3335\">Read more &rarr;<\/a><\/p>\n","protected":false},"author":1,"featured_media":0,"parent":0,"menu_order":0,"comment_status":"closed","ping_status":"closed","template":"","meta":{"footnotes":""},"class_list":["post-3335","page","type-page","status-publish","hentry"],"_links":{"self":[{"href":"https:\/\/vaagshaug.com\/index.php?rest_route=\/wp\/v2\/pages\/3335"}],"collection":[{"href":"https:\/\/vaagshaug.com\/index.php?rest_route=\/wp\/v2\/pages"}],"about":[{"href":"https:\/\/vaagshaug.com\/index.php?rest_route=\/wp\/v2\/types\/page"}],"author":[{"embeddable":true,"href":"https:\/\/vaagshaug.com\/index.php?rest_route=\/wp\/v2\/users\/1"}],"replies":[{"embeddable":true,"href":"https:\/\/vaagshaug.com\/index.php?rest_route=%2Fwp%2Fv2%2Fcomments&post=3335"}],"version-history":[{"count":26,"href":"https:\/\/vaagshaug.com\/index.php?rest_route=\/wp\/v2\/pages\/3335\/revisions"}],"predecessor-version":[{"id":3794,"href":"https:\/\/vaagshaug.com\/index.php?rest_route=\/wp\/v2\/pages\/3335\/revisions\/3794"}],"wp:attachment":[{"href":"https:\/\/vaagshaug.com\/index.php?rest_route=%2Fwp%2Fv2%2Fmedia&parent=3335"}],"curies":[{"name":"wp","href":"https:\/\/api.w.org\/{rel}","templated":true}]}}